{"id":3674,"date":"2019-03-14T11:07:13","date_gmt":"2019-03-14T10:07:13","guid":{"rendered":"https:\/\/www.festivalchairs.com\/contact\/"},"modified":"2020-01-27T15:22:43","modified_gmt":"2020-01-27T14:22:43","slug":"kontakt","status":"publish","type":"page","link":"https:\/\/festivalchairs.com\/sv\/kontakt\/","title":{"rendered":"Kontakt"},"content":{"rendered":"<p>Bes\u00f6k oss i det vackra Haarlem, men du kan ocks\u00e5 n\u00e5 oss p\u00e5 telefon eller via e-post.<\/p>\n","protected":false},"excerpt":{"rendered":"<p>Bes\u00f6k oss i det vackra Haarlem, men du kan ocks\u00e5 n\u00e5 oss p\u00e5 telefon eller via e-post.<\/p>\n","protected":false},"author":1,"featured_media":0,"parent":0,"menu_order":105,"comment_status":"closed","ping_status":"closed","template":"page_contact.php","meta":{"_acf_changed":false,"footnotes":""},"class_list":["post-3674","page","type-page","status-publish","hentry"],"acf":[],"yoast_head":"<!-- This site is optimized with the Yoast SEO plugin v27.4 - https:\/\/yoast.com\/product\/yoast-seo-wordpress\/ -->\n<title>Kontakt \u2013 FestivalChairs<\/title>\n<meta name=\"description\" content=\"Kontakta oss om du \u00e4r intresserad av FestivalChair. Det g\u00e5r bra per telefon, mejl eller med kontaktformul\u00e4ret p\u00e5 v\u00e5r webbplats.\" \/>\n<meta name=\"robots\" content=\"index, follow, max-snippet:-1, max-image-preview:large, max-video-preview:-1\" \/>\n<link rel=\"canonical\" href=\"https:\/\/festivalchairs.com\/sv\/kontakt\/\" \/>\n<meta property=\"og:locale\" content=\"sv_SE\" \/>\n<meta property=\"og:type\" content=\"article\" \/>\n<meta property=\"og:title\" content=\"Kontakt \u2013 FestivalChairs\" \/>\n<meta property=\"og:description\" content=\"Kontakta oss om du \u00e4r intresserad av FestivalChair. Det g\u00e5r bra per telefon, mejl eller med kontaktformul\u00e4ret p\u00e5 v\u00e5r webbplats.\" \/>\n<meta property=\"og:url\" content=\"https:\/\/festivalchairs.com\/sv\/kontakt\/\" \/>\n<meta property=\"og:site_name\" content=\"FestivalChairs\" \/>\n<meta property=\"article:publisher\" content=\"https:\/\/www.facebook.com\/festivalchairs\/\" \/>\n<meta property=\"article:modified_time\" content=\"2020-01-27T14:22:43+00:00\" \/>\n<meta name=\"twitter:card\" content=\"summary_large_image\" \/>\n<meta name=\"twitter:site\" content=\"@festivalchairs\" \/>\n<script type=\"application\/ld+json\" class=\"yoast-schema-graph\">{\"@context\":\"https:\\\/\\\/schema.org\",\"@graph\":[{\"@type\":\"WebPage\",\"@id\":\"https:\\\/\\\/festivalchairs.com\\\/sv\\\/kontakt\\\/\",\"url\":\"https:\\\/\\\/festivalchairs.com\\\/sv\\\/kontakt\\\/\",\"name\":\"Kontakt \u2013 FestivalChairs\",\"isPartOf\":{\"@id\":\"https:\\\/\\\/www.festivalchairs.com\\\/sv\\\/#website\"},\"datePublished\":\"2019-03-14T10:07:13+00:00\",\"dateModified\":\"2020-01-27T14:22:43+00:00\",\"description\":\"Kontakta oss om du \u00e4r intresserad av FestivalChair. Det g\u00e5r bra per telefon, mejl eller med kontaktformul\u00e4ret p\u00e5 v\u00e5r webbplats.\",\"breadcrumb\":{\"@id\":\"https:\\\/\\\/festivalchairs.com\\\/sv\\\/kontakt\\\/#breadcrumb\"},\"inLanguage\":\"sv-SE\",\"potentialAction\":[{\"@type\":\"ReadAction\",\"target\":[\"https:\\\/\\\/festivalchairs.com\\\/sv\\\/kontakt\\\/\"]}]},{\"@type\":\"BreadcrumbList\",\"@id\":\"https:\\\/\\\/festivalchairs.com\\\/sv\\\/kontakt\\\/#breadcrumb\",\"itemListElement\":[{\"@type\":\"ListItem\",\"position\":1,\"name\":\"Home\",\"item\":\"https:\\\/\\\/www.festivalchairs.com\\\/sv\\\/\"},{\"@type\":\"ListItem\",\"position\":2,\"name\":\"Kontakt\"}]},{\"@type\":\"WebSite\",\"@id\":\"https:\\\/\\\/www.festivalchairs.com\\\/sv\\\/#website\",\"url\":\"https:\\\/\\\/www.festivalchairs.com\\\/sv\\\/\",\"name\":\"FestivalChairs\",\"description\":\"Het krukje dat iedereen ziet zitten!\",\"publisher\":{\"@id\":\"https:\\\/\\\/www.festivalchairs.com\\\/sv\\\/#organization\"},\"potentialAction\":[{\"@type\":\"SearchAction\",\"target\":{\"@type\":\"EntryPoint\",\"urlTemplate\":\"https:\\\/\\\/www.festivalchairs.com\\\/sv\\\/?s={search_term_string}\"},\"query-input\":{\"@type\":\"PropertyValueSpecification\",\"valueRequired\":true,\"valueName\":\"search_term_string\"}}],\"inLanguage\":\"sv-SE\"},{\"@type\":\"Organization\",\"@id\":\"https:\\\/\\\/www.festivalchairs.com\\\/sv\\\/#organization\",\"name\":\"FestivalChairs\",\"url\":\"https:\\\/\\\/www.festivalchairs.com\\\/sv\\\/\",\"logo\":{\"@type\":\"ImageObject\",\"inLanguage\":\"sv-SE\",\"@id\":\"https:\\\/\\\/www.festivalchairs.com\\\/sv\\\/#\\\/schema\\\/logo\\\/image\\\/\",\"url\":\"https:\\\/\\\/www.festivalchairs.com\\\/app\\\/uploads\\\/2020\\\/01\\\/logo-en-light-hd.png\",\"contentUrl\":\"https:\\\/\\\/www.festivalchairs.com\\\/app\\\/uploads\\\/2020\\\/01\\\/logo-en-light-hd.png\",\"width\":458,\"height\":64,\"caption\":\"FestivalChairs\"},\"image\":{\"@id\":\"https:\\\/\\\/www.festivalchairs.com\\\/sv\\\/#\\\/schema\\\/logo\\\/image\\\/\"},\"sameAs\":[\"https:\\\/\\\/www.facebook.com\\\/festivalchairs\\\/\",\"https:\\\/\\\/x.com\\\/festivalchairs\",\"https:\\\/\\\/www.youtube.com\\\/user\\\/FestivalChairs\"]}]}<\/script>\n<!-- \/ Yoast SEO plugin. -->","yoast_head_json":{"title":"Kontakt \u2013 FestivalChairs","description":"Kontakta oss om du \u00e4r intresserad av FestivalChair. Det g\u00e5r bra per telefon, mejl eller med kontaktformul\u00e4ret p\u00e5 v\u00e5r webbplats.","robots":{"index":"index","follow":"follow","max-snippet":"max-snippet:-1","max-image-preview":"max-image-preview:large","max-video-preview":"max-video-preview:-1"},"canonical":"https:\/\/festivalchairs.com\/sv\/kontakt\/","og_locale":"sv_SE","og_type":"article","og_title":"Kontakt \u2013 FestivalChairs","og_description":"Kontakta oss om du \u00e4r intresserad av FestivalChair. Det g\u00e5r bra per telefon, mejl eller med kontaktformul\u00e4ret p\u00e5 v\u00e5r webbplats.","og_url":"https:\/\/festivalchairs.com\/sv\/kontakt\/","og_site_name":"FestivalChairs","article_publisher":"https:\/\/www.facebook.com\/festivalchairs\/","article_modified_time":"2020-01-27T14:22:43+00:00","twitter_card":"summary_large_image","twitter_site":"@festivalchairs","schema":{"@context":"https:\/\/schema.org","@graph":[{"@type":"WebPage","@id":"https:\/\/festivalchairs.com\/sv\/kontakt\/","url":"https:\/\/festivalchairs.com\/sv\/kontakt\/","name":"Kontakt \u2013 FestivalChairs","isPartOf":{"@id":"https:\/\/www.festivalchairs.com\/sv\/#website"},"datePublished":"2019-03-14T10:07:13+00:00","dateModified":"2020-01-27T14:22:43+00:00","description":"Kontakta oss om du \u00e4r intresserad av FestivalChair. Det g\u00e5r bra per telefon, mejl eller med kontaktformul\u00e4ret p\u00e5 v\u00e5r webbplats.","breadcrumb":{"@id":"https:\/\/festivalchairs.com\/sv\/kontakt\/#breadcrumb"},"inLanguage":"sv-SE","potentialAction":[{"@type":"ReadAction","target":["https:\/\/festivalchairs.com\/sv\/kontakt\/"]}]},{"@type":"BreadcrumbList","@id":"https:\/\/festivalchairs.com\/sv\/kontakt\/#breadcrumb","itemListElement":[{"@type":"ListItem","position":1,"name":"Home","item":"https:\/\/www.festivalchairs.com\/sv\/"},{"@type":"ListItem","position":2,"name":"Kontakt"}]},{"@type":"WebSite","@id":"https:\/\/www.festivalchairs.com\/sv\/#website","url":"https:\/\/www.festivalchairs.com\/sv\/","name":"FestivalChairs","description":"Het krukje dat iedereen ziet zitten!","publisher":{"@id":"https:\/\/www.festivalchairs.com\/sv\/#organization"},"potentialAction":[{"@type":"SearchAction","target":{"@type":"EntryPoint","urlTemplate":"https:\/\/www.festivalchairs.com\/sv\/?s={search_term_string}"},"query-input":{"@type":"PropertyValueSpecification","valueRequired":true,"valueName":"search_term_string"}}],"inLanguage":"sv-SE"},{"@type":"Organization","@id":"https:\/\/www.festivalchairs.com\/sv\/#organization","name":"FestivalChairs","url":"https:\/\/www.festivalchairs.com\/sv\/","logo":{"@type":"ImageObject","inLanguage":"sv-SE","@id":"https:\/\/www.festivalchairs.com\/sv\/#\/schema\/logo\/image\/","url":"https:\/\/www.festivalchairs.com\/app\/uploads\/2020\/01\/logo-en-light-hd.png","contentUrl":"https:\/\/www.festivalchairs.com\/app\/uploads\/2020\/01\/logo-en-light-hd.png","width":458,"height":64,"caption":"FestivalChairs"},"image":{"@id":"https:\/\/www.festivalchairs.com\/sv\/#\/schema\/logo\/image\/"},"sameAs":["https:\/\/www.facebook.com\/festivalchairs\/","https:\/\/x.com\/festivalchairs","https:\/\/www.youtube.com\/user\/FestivalChairs"]}]}},"_links":{"self":[{"href":"https:\/\/festivalchairs.com\/sv\/wp-json\/wp\/v2\/pages\/3674","targetHints":{"allow":["GET"]}}],"collection":[{"href":"https:\/\/festivalchairs.com\/sv\/wp-json\/wp\/v2\/pages"}],"about":[{"href":"https:\/\/festivalchairs.com\/sv\/wp-json\/wp\/v2\/types\/page"}],"author":[{"embeddable":true,"href":"https:\/\/festivalchairs.com\/sv\/wp-json\/wp\/v2\/users\/1"}],"replies":[{"embeddable":true,"href":"https:\/\/festivalchairs.com\/sv\/wp-json\/wp\/v2\/comments?post=3674"}],"version-history":[{"count":1,"href":"https:\/\/festivalchairs.com\/sv\/wp-json\/wp\/v2\/pages\/3674\/revisions"}],"predecessor-version":[{"id":5427,"href":"https:\/\/festivalchairs.com\/sv\/wp-json\/wp\/v2\/pages\/3674\/revisions\/5427"}],"wp:attachment":[{"href":"https:\/\/festivalchairs.com\/sv\/wp-json\/wp\/v2\/media?parent=3674"}],"curies":[{"name":"wp","href":"https:\/\/api.w.org\/{rel}","templated":true}]}}