{"id":3676,"date":"2019-01-29T16:21:41","date_gmt":"2019-01-29T15:21:41","guid":{"rendered":"https:\/\/www.festivalchairs.com\/request-a-quote\/"},"modified":"2020-01-27T14:47:19","modified_gmt":"2020-01-27T13:47:19","slug":"demande-de-devis","status":"publish","type":"page","link":"https:\/\/festivalchairs.com\/fr\/demande-de-devis\/","title":{"rendered":"Demande de devis"},"content":{"rendered":"<p>Si vous souhaitez commander vos tabourets en carton, personnalis\u00e9s avec votre identit\u00e9 de marque, pour votre prochaine conf\u00e9rence, festival ou salon professionnel ou simplement b\u00e9n\u00e9ficier de nos conseils pour appliquer vos cr\u00e9ations, photos ou slogans sur un FestivalChair, contactez-nous !<\/p>\n<p>Vous pouvez nous joindre par telephone +31 23 5251400 ou demander un devis directement sur notre site internet. Nous serions ravis de pouvoir vous conseiller et explorer ensemble ce que ce petit tabouret en carton pourra faire pour votre entreprise, votre marque, votre produit !<\/p>\n","protected":false},"excerpt":{"rendered":"<p>Si vous souhaitez commander vos tabourets en carton, personnalis\u00e9s avec votre identit\u00e9 de marque, pour votre prochaine conf\u00e9rence, festival ou salon professionnel ou simplement b\u00e9n\u00e9ficier de nos conseils pour appliquer vos cr\u00e9ations, photos ou slogans sur un FestivalChair, contactez-nous ! Vous pouvez nous joindre par telephone +31 23 5251400 ou demander un devis directement sur [&hellip;]<\/p>\n","protected":false},"author":1,"featured_media":0,"parent":0,"menu_order":114,"comment_status":"closed","ping_status":"closed","template":"page_offerte.php","meta":{"_acf_changed":false,"footnotes":""},"class_list":["post-3676","page","type-page","status-publish","hentry"],"acf":[],"yoast_head":"<!-- This site is optimized with the Yoast SEO plugin v27.4 - https:\/\/yoast.com\/product\/yoast-seo-wordpress\/ -->\n<title>FestivalChair - Demande devis pour nombre et impression<\/title>\n<meta name=\"description\" content=\"Demande devis\" \/>\n<meta name=\"robots\" content=\"index, follow, max-snippet:-1, max-image-preview:large, max-video-preview:-1\" \/>\n<link rel=\"canonical\" href=\"https:\/\/festivalchairs.com\/fr\/demande-de-devis\/\" \/>\n<meta property=\"og:locale\" content=\"fr_FR\" \/>\n<meta property=\"og:type\" content=\"article\" \/>\n<meta property=\"og:title\" content=\"FestivalChair - Demande devis pour nombre et impression\" \/>\n<meta property=\"og:description\" content=\"Demande devis\" \/>\n<meta property=\"og:url\" content=\"https:\/\/festivalchairs.com\/fr\/demande-de-devis\/\" \/>\n<meta property=\"og:site_name\" content=\"FestivalChairs\" \/>\n<meta property=\"article:publisher\" content=\"https:\/\/www.facebook.com\/festivalchairs\/\" \/>\n<meta property=\"article:modified_time\" content=\"2020-01-27T13:47:19+00:00\" \/>\n<meta name=\"twitter:card\" content=\"summary_large_image\" \/>\n<meta name=\"twitter:site\" content=\"@festivalchairs\" \/>\n<script type=\"application\/ld+json\" class=\"yoast-schema-graph\">{\"@context\":\"https:\\\/\\\/schema.org\",\"@graph\":[{\"@type\":\"WebPage\",\"@id\":\"https:\\\/\\\/festivalchairs.com\\\/fr\\\/demande-de-devis\\\/\",\"url\":\"https:\\\/\\\/festivalchairs.com\\\/fr\\\/demande-de-devis\\\/\",\"name\":\"FestivalChair - Demande devis pour nombre et impression\",\"isPartOf\":{\"@id\":\"https:\\\/\\\/www.festivalchairs.com\\\/fr\\\/#website\"},\"datePublished\":\"2019-01-29T15:21:41+00:00\",\"dateModified\":\"2020-01-27T13:47:19+00:00\",\"description\":\"Demande devis\",\"breadcrumb\":{\"@id\":\"https:\\\/\\\/festivalchairs.com\\\/fr\\\/demande-de-devis\\\/#breadcrumb\"},\"inLanguage\":\"fr-FR\",\"potentialAction\":[{\"@type\":\"ReadAction\",\"target\":[\"https:\\\/\\\/festivalchairs.com\\\/fr\\\/demande-de-devis\\\/\"]}]},{\"@type\":\"BreadcrumbList\",\"@id\":\"https:\\\/\\\/festivalchairs.com\\\/fr\\\/demande-de-devis\\\/#breadcrumb\",\"itemListElement\":[{\"@type\":\"ListItem\",\"position\":1,\"name\":\"Home\",\"item\":\"https:\\\/\\\/www.festivalchairs.com\\\/fr\\\/\"},{\"@type\":\"ListItem\",\"position\":2,\"name\":\"Demande de devis\"}]},{\"@type\":\"WebSite\",\"@id\":\"https:\\\/\\\/www.festivalchairs.com\\\/fr\\\/#website\",\"url\":\"https:\\\/\\\/www.festivalchairs.com\\\/fr\\\/\",\"name\":\"FestivalChairs\",\"description\":\"Het krukje dat iedereen ziet zitten!\",\"publisher\":{\"@id\":\"https:\\\/\\\/www.festivalchairs.com\\\/fr\\\/#organization\"},\"potentialAction\":[{\"@type\":\"SearchAction\",\"target\":{\"@type\":\"EntryPoint\",\"urlTemplate\":\"https:\\\/\\\/www.festivalchairs.com\\\/fr\\\/?s={search_term_string}\"},\"query-input\":{\"@type\":\"PropertyValueSpecification\",\"valueRequired\":true,\"valueName\":\"search_term_string\"}}],\"inLanguage\":\"fr-FR\"},{\"@type\":\"Organization\",\"@id\":\"https:\\\/\\\/www.festivalchairs.com\\\/fr\\\/#organization\",\"name\":\"FestivalChairs\",\"url\":\"https:\\\/\\\/www.festivalchairs.com\\\/fr\\\/\",\"logo\":{\"@type\":\"ImageObject\",\"inLanguage\":\"fr-FR\",\"@id\":\"https:\\\/\\\/www.festivalchairs.com\\\/fr\\\/#\\\/schema\\\/logo\\\/image\\\/\",\"url\":\"https:\\\/\\\/www.festivalchairs.com\\\/app\\\/uploads\\\/2020\\\/01\\\/logo-en-light-hd.png\",\"contentUrl\":\"https:\\\/\\\/www.festivalchairs.com\\\/app\\\/uploads\\\/2020\\\/01\\\/logo-en-light-hd.png\",\"width\":458,\"height\":64,\"caption\":\"FestivalChairs\"},\"image\":{\"@id\":\"https:\\\/\\\/www.festivalchairs.com\\\/fr\\\/#\\\/schema\\\/logo\\\/image\\\/\"},\"sameAs\":[\"https:\\\/\\\/www.facebook.com\\\/festivalchairs\\\/\",\"https:\\\/\\\/x.com\\\/festivalchairs\",\"https:\\\/\\\/www.youtube.com\\\/user\\\/FestivalChairs\"]}]}<\/script>\n<!-- \/ Yoast SEO plugin. -->","yoast_head_json":{"title":"FestivalChair - Demande devis pour nombre et impression","description":"Demande devis","robots":{"index":"index","follow":"follow","max-snippet":"max-snippet:-1","max-image-preview":"max-image-preview:large","max-video-preview":"max-video-preview:-1"},"canonical":"https:\/\/festivalchairs.com\/fr\/demande-de-devis\/","og_locale":"fr_FR","og_type":"article","og_title":"FestivalChair - Demande devis pour nombre et impression","og_description":"Demande devis","og_url":"https:\/\/festivalchairs.com\/fr\/demande-de-devis\/","og_site_name":"FestivalChairs","article_publisher":"https:\/\/www.facebook.com\/festivalchairs\/","article_modified_time":"2020-01-27T13:47:19+00:00","twitter_card":"summary_large_image","twitter_site":"@festivalchairs","schema":{"@context":"https:\/\/schema.org","@graph":[{"@type":"WebPage","@id":"https:\/\/festivalchairs.com\/fr\/demande-de-devis\/","url":"https:\/\/festivalchairs.com\/fr\/demande-de-devis\/","name":"FestivalChair - Demande devis pour nombre et impression","isPartOf":{"@id":"https:\/\/www.festivalchairs.com\/fr\/#website"},"datePublished":"2019-01-29T15:21:41+00:00","dateModified":"2020-01-27T13:47:19+00:00","description":"Demande devis","breadcrumb":{"@id":"https:\/\/festivalchairs.com\/fr\/demande-de-devis\/#breadcrumb"},"inLanguage":"fr-FR","potentialAction":[{"@type":"ReadAction","target":["https:\/\/festivalchairs.com\/fr\/demande-de-devis\/"]}]},{"@type":"BreadcrumbList","@id":"https:\/\/festivalchairs.com\/fr\/demande-de-devis\/#breadcrumb","itemListElement":[{"@type":"ListItem","position":1,"name":"Home","item":"https:\/\/www.festivalchairs.com\/fr\/"},{"@type":"ListItem","position":2,"name":"Demande de devis"}]},{"@type":"WebSite","@id":"https:\/\/www.festivalchairs.com\/fr\/#website","url":"https:\/\/www.festivalchairs.com\/fr\/","name":"FestivalChairs","description":"Het krukje dat iedereen ziet zitten!","publisher":{"@id":"https:\/\/www.festivalchairs.com\/fr\/#organization"},"potentialAction":[{"@type":"SearchAction","target":{"@type":"EntryPoint","urlTemplate":"https:\/\/www.festivalchairs.com\/fr\/?s={search_term_string}"},"query-input":{"@type":"PropertyValueSpecification","valueRequired":true,"valueName":"search_term_string"}}],"inLanguage":"fr-FR"},{"@type":"Organization","@id":"https:\/\/www.festivalchairs.com\/fr\/#organization","name":"FestivalChairs","url":"https:\/\/www.festivalchairs.com\/fr\/","logo":{"@type":"ImageObject","inLanguage":"fr-FR","@id":"https:\/\/www.festivalchairs.com\/fr\/#\/schema\/logo\/image\/","url":"https:\/\/www.festivalchairs.com\/app\/uploads\/2020\/01\/logo-en-light-hd.png","contentUrl":"https:\/\/www.festivalchairs.com\/app\/uploads\/2020\/01\/logo-en-light-hd.png","width":458,"height":64,"caption":"FestivalChairs"},"image":{"@id":"https:\/\/www.festivalchairs.com\/fr\/#\/schema\/logo\/image\/"},"sameAs":["https:\/\/www.facebook.com\/festivalchairs\/","https:\/\/x.com\/festivalchairs","https:\/\/www.youtube.com\/user\/FestivalChairs"]}]}},"_links":{"self":[{"href":"https:\/\/festivalchairs.com\/fr\/wp-json\/wp\/v2\/pages\/3676","targetHints":{"allow":["GET"]}}],"collection":[{"href":"https:\/\/festivalchairs.com\/fr\/wp-json\/wp\/v2\/pages"}],"about":[{"href":"https:\/\/festivalchairs.com\/fr\/wp-json\/wp\/v2\/types\/page"}],"author":[{"embeddable":true,"href":"https:\/\/festivalchairs.com\/fr\/wp-json\/wp\/v2\/users\/1"}],"replies":[{"embeddable":true,"href":"https:\/\/festivalchairs.com\/fr\/wp-json\/wp\/v2\/comments?post=3676"}],"version-history":[{"count":1,"href":"https:\/\/festivalchairs.com\/fr\/wp-json\/wp\/v2\/pages\/3676\/revisions"}],"predecessor-version":[{"id":5420,"href":"https:\/\/festivalchairs.com\/fr\/wp-json\/wp\/v2\/pages\/3676\/revisions\/5420"}],"wp:attachment":[{"href":"https:\/\/festivalchairs.com\/fr\/wp-json\/wp\/v2\/media?parent=3676"}],"curies":[{"name":"wp","href":"https:\/\/api.w.org\/{rel}","templated":true}]}}