{"id":4823,"date":"2019-01-29T16:21:41","date_gmt":"2019-01-29T15:21:41","guid":{"rendered":"https:\/\/www.festivalchairs.com\/offerte-aanvragen\/"},"modified":"2020-01-27T11:05:21","modified_gmt":"2020-01-27T10:05:21","slug":"offerte-aanvragen","status":"publish","type":"page","link":"https:\/\/festivalchairs.com\/de\/offerte-aanvragen\/","title":{"rendered":"Unverbindliche Anfrage"},"content":{"rendered":"<p>M\u00f6chten Sie FestivalChairs f\u00fcr eine Tagung, eine Pr\u00e4sentation, eine Kulturveranstaltung oder einen anderen Anlass mit ihrem Logo bedrucken lassen? H\u00e4tten Sie gerne packende Textelemente oder ein sch\u00f6nes Foto, sodass der Papphocker die von Ihnen gew\u00fcnschte Ausstrahlung erh\u00e4lt? Rufen Sie uns an: +31\u00a023\u00a05251400. Oder fordern Sie online ein Angebot an. Wir beraten Sie gerne und untersuchen die M\u00f6glichkeiten, die der FestivalChair Ihrem Unternehmen oder Ihrem Produkt bieten kann!<\/p>\n","protected":false},"excerpt":{"rendered":"<p>M\u00f6chten Sie FestivalChairs f\u00fcr eine Tagung, eine Pr\u00e4sentation, eine Kulturveranstaltung oder einen anderen Anlass mit ihrem Logo bedrucken lassen? H\u00e4tten Sie gerne packende Textelemente oder ein sch\u00f6nes Foto, sodass der Papphocker die von Ihnen gew\u00fcnschte Ausstrahlung erh\u00e4lt? Rufen Sie uns an: +31\u00a023\u00a05251400. Oder fordern Sie online ein Angebot an. Wir beraten Sie gerne und untersuchen [&hellip;]<\/p>\n","protected":false},"author":1,"featured_media":0,"parent":0,"menu_order":111,"comment_status":"closed","ping_status":"closed","template":"page_offerte.php","meta":{"_acf_changed":false,"footnotes":""},"class_list":["post-4823","page","type-page","status-publish","hentry"],"acf":[],"yoast_head":"<!-- This site is optimized with the Yoast SEO plugin v27.4 - https:\/\/yoast.com\/product\/yoast-seo-wordpress\/ -->\n<title>Unverbindliche Anfrage - FestivalChairs<\/title>\n<meta name=\"robots\" content=\"index, follow, max-snippet:-1, max-image-preview:large, max-video-preview:-1\" \/>\n<link rel=\"canonical\" href=\"https:\/\/festivalchairs.com\/de\/offerte-aanvragen\/\" \/>\n<meta property=\"og:locale\" content=\"de_DE\" \/>\n<meta property=\"og:type\" content=\"article\" \/>\n<meta property=\"og:title\" content=\"Unverbindliche Anfrage - FestivalChairs\" \/>\n<meta property=\"og:description\" content=\"M\u00f6chten Sie FestivalChairs f\u00fcr eine Tagung, eine Pr\u00e4sentation, eine Kulturveranstaltung oder einen anderen Anlass mit ihrem Logo bedrucken lassen? H\u00e4tten Sie gerne packende Textelemente oder ein sch\u00f6nes Foto, sodass der Papphocker die von Ihnen gew\u00fcnschte Ausstrahlung erh\u00e4lt? Rufen Sie uns an: +31\u00a023\u00a05251400. Oder fordern Sie online ein Angebot an. Wir beraten Sie gerne und untersuchen [&hellip;]\" \/>\n<meta property=\"og:url\" content=\"https:\/\/festivalchairs.com\/de\/offerte-aanvragen\/\" \/>\n<meta property=\"og:site_name\" content=\"FestivalChairs\" \/>\n<meta property=\"article:publisher\" content=\"https:\/\/www.facebook.com\/festivalchairs\/\" \/>\n<meta property=\"article:modified_time\" content=\"2020-01-27T10:05:21+00:00\" \/>\n<meta name=\"twitter:card\" content=\"summary_large_image\" \/>\n<meta name=\"twitter:site\" content=\"@festivalchairs\" \/>\n<script type=\"application\/ld+json\" class=\"yoast-schema-graph\">{\"@context\":\"https:\\\/\\\/schema.org\",\"@graph\":[{\"@type\":\"WebPage\",\"@id\":\"https:\\\/\\\/festivalchairs.com\\\/de\\\/offerte-aanvragen\\\/\",\"url\":\"https:\\\/\\\/festivalchairs.com\\\/de\\\/offerte-aanvragen\\\/\",\"name\":\"Unverbindliche Anfrage - FestivalChairs\",\"isPartOf\":{\"@id\":\"https:\\\/\\\/www.festivalchairs.com\\\/de\\\/#website\"},\"datePublished\":\"2019-01-29T15:21:41+00:00\",\"dateModified\":\"2020-01-27T10:05:21+00:00\",\"breadcrumb\":{\"@id\":\"https:\\\/\\\/festivalchairs.com\\\/de\\\/offerte-aanvragen\\\/#breadcrumb\"},\"inLanguage\":\"de-DE\",\"potentialAction\":[{\"@type\":\"ReadAction\",\"target\":[\"https:\\\/\\\/festivalchairs.com\\\/de\\\/offerte-aanvragen\\\/\"]}]},{\"@type\":\"BreadcrumbList\",\"@id\":\"https:\\\/\\\/festivalchairs.com\\\/de\\\/offerte-aanvragen\\\/#breadcrumb\",\"itemListElement\":[{\"@type\":\"ListItem\",\"position\":1,\"name\":\"Home\",\"item\":\"https:\\\/\\\/www.festivalchairs.com\\\/de\\\/\"},{\"@type\":\"ListItem\",\"position\":2,\"name\":\"Unverbindliche Anfrage\"}]},{\"@type\":\"WebSite\",\"@id\":\"https:\\\/\\\/www.festivalchairs.com\\\/de\\\/#website\",\"url\":\"https:\\\/\\\/www.festivalchairs.com\\\/de\\\/\",\"name\":\"FestivalChairs\",\"description\":\"Het krukje dat iedereen ziet zitten!\",\"publisher\":{\"@id\":\"https:\\\/\\\/www.festivalchairs.com\\\/de\\\/#organization\"},\"potentialAction\":[{\"@type\":\"SearchAction\",\"target\":{\"@type\":\"EntryPoint\",\"urlTemplate\":\"https:\\\/\\\/www.festivalchairs.com\\\/de\\\/?s={search_term_string}\"},\"query-input\":{\"@type\":\"PropertyValueSpecification\",\"valueRequired\":true,\"valueName\":\"search_term_string\"}}],\"inLanguage\":\"de-DE\"},{\"@type\":\"Organization\",\"@id\":\"https:\\\/\\\/www.festivalchairs.com\\\/de\\\/#organization\",\"name\":\"FestivalChairs\",\"url\":\"https:\\\/\\\/www.festivalchairs.com\\\/de\\\/\",\"logo\":{\"@type\":\"ImageObject\",\"inLanguage\":\"de-DE\",\"@id\":\"https:\\\/\\\/www.festivalchairs.com\\\/de\\\/#\\\/schema\\\/logo\\\/image\\\/\",\"url\":\"https:\\\/\\\/www.festivalchairs.com\\\/app\\\/uploads\\\/2020\\\/01\\\/logo-en-light-hd.png\",\"contentUrl\":\"https:\\\/\\\/www.festivalchairs.com\\\/app\\\/uploads\\\/2020\\\/01\\\/logo-en-light-hd.png\",\"width\":458,\"height\":64,\"caption\":\"FestivalChairs\"},\"image\":{\"@id\":\"https:\\\/\\\/www.festivalchairs.com\\\/de\\\/#\\\/schema\\\/logo\\\/image\\\/\"},\"sameAs\":[\"https:\\\/\\\/www.facebook.com\\\/festivalchairs\\\/\",\"https:\\\/\\\/x.com\\\/festivalchairs\",\"https:\\\/\\\/www.youtube.com\\\/user\\\/FestivalChairs\"]}]}<\/script>\n<!-- \/ Yoast SEO plugin. -->","yoast_head_json":{"title":"Unverbindliche Anfrage - FestivalChairs","robots":{"index":"index","follow":"follow","max-snippet":"max-snippet:-1","max-image-preview":"max-image-preview:large","max-video-preview":"max-video-preview:-1"},"canonical":"https:\/\/festivalchairs.com\/de\/offerte-aanvragen\/","og_locale":"de_DE","og_type":"article","og_title":"Unverbindliche Anfrage - FestivalChairs","og_description":"M\u00f6chten Sie FestivalChairs f\u00fcr eine Tagung, eine Pr\u00e4sentation, eine Kulturveranstaltung oder einen anderen Anlass mit ihrem Logo bedrucken lassen? H\u00e4tten Sie gerne packende Textelemente oder ein sch\u00f6nes Foto, sodass der Papphocker die von Ihnen gew\u00fcnschte Ausstrahlung erh\u00e4lt? Rufen Sie uns an: +31\u00a023\u00a05251400. Oder fordern Sie online ein Angebot an. Wir beraten Sie gerne und untersuchen [&hellip;]","og_url":"https:\/\/festivalchairs.com\/de\/offerte-aanvragen\/","og_site_name":"FestivalChairs","article_publisher":"https:\/\/www.facebook.com\/festivalchairs\/","article_modified_time":"2020-01-27T10:05:21+00:00","twitter_card":"summary_large_image","twitter_site":"@festivalchairs","schema":{"@context":"https:\/\/schema.org","@graph":[{"@type":"WebPage","@id":"https:\/\/festivalchairs.com\/de\/offerte-aanvragen\/","url":"https:\/\/festivalchairs.com\/de\/offerte-aanvragen\/","name":"Unverbindliche Anfrage - FestivalChairs","isPartOf":{"@id":"https:\/\/www.festivalchairs.com\/de\/#website"},"datePublished":"2019-01-29T15:21:41+00:00","dateModified":"2020-01-27T10:05:21+00:00","breadcrumb":{"@id":"https:\/\/festivalchairs.com\/de\/offerte-aanvragen\/#breadcrumb"},"inLanguage":"de-DE","potentialAction":[{"@type":"ReadAction","target":["https:\/\/festivalchairs.com\/de\/offerte-aanvragen\/"]}]},{"@type":"BreadcrumbList","@id":"https:\/\/festivalchairs.com\/de\/offerte-aanvragen\/#breadcrumb","itemListElement":[{"@type":"ListItem","position":1,"name":"Home","item":"https:\/\/www.festivalchairs.com\/de\/"},{"@type":"ListItem","position":2,"name":"Unverbindliche Anfrage"}]},{"@type":"WebSite","@id":"https:\/\/www.festivalchairs.com\/de\/#website","url":"https:\/\/www.festivalchairs.com\/de\/","name":"FestivalChairs","description":"Het krukje dat iedereen ziet zitten!","publisher":{"@id":"https:\/\/www.festivalchairs.com\/de\/#organization"},"potentialAction":[{"@type":"SearchAction","target":{"@type":"EntryPoint","urlTemplate":"https:\/\/www.festivalchairs.com\/de\/?s={search_term_string}"},"query-input":{"@type":"PropertyValueSpecification","valueRequired":true,"valueName":"search_term_string"}}],"inLanguage":"de-DE"},{"@type":"Organization","@id":"https:\/\/www.festivalchairs.com\/de\/#organization","name":"FestivalChairs","url":"https:\/\/www.festivalchairs.com\/de\/","logo":{"@type":"ImageObject","inLanguage":"de-DE","@id":"https:\/\/www.festivalchairs.com\/de\/#\/schema\/logo\/image\/","url":"https:\/\/www.festivalchairs.com\/app\/uploads\/2020\/01\/logo-en-light-hd.png","contentUrl":"https:\/\/www.festivalchairs.com\/app\/uploads\/2020\/01\/logo-en-light-hd.png","width":458,"height":64,"caption":"FestivalChairs"},"image":{"@id":"https:\/\/www.festivalchairs.com\/de\/#\/schema\/logo\/image\/"},"sameAs":["https:\/\/www.facebook.com\/festivalchairs\/","https:\/\/x.com\/festivalchairs","https:\/\/www.youtube.com\/user\/FestivalChairs"]}]}},"_links":{"self":[{"href":"https:\/\/festivalchairs.com\/de\/wp-json\/wp\/v2\/pages\/4823","targetHints":{"allow":["GET"]}}],"collection":[{"href":"https:\/\/festivalchairs.com\/de\/wp-json\/wp\/v2\/pages"}],"about":[{"href":"https:\/\/festivalchairs.com\/de\/wp-json\/wp\/v2\/types\/page"}],"author":[{"embeddable":true,"href":"https:\/\/festivalchairs.com\/de\/wp-json\/wp\/v2\/users\/1"}],"replies":[{"embeddable":true,"href":"https:\/\/festivalchairs.com\/de\/wp-json\/wp\/v2\/comments?post=4823"}],"version-history":[{"count":4,"href":"https:\/\/festivalchairs.com\/de\/wp-json\/wp\/v2\/pages\/4823\/revisions"}],"predecessor-version":[{"id":5371,"href":"https:\/\/festivalchairs.com\/de\/wp-json\/wp\/v2\/pages\/4823\/revisions\/5371"}],"wp:attachment":[{"href":"https:\/\/festivalchairs.com\/de\/wp-json\/wp\/v2\/media?parent=4823"}],"curies":[{"name":"wp","href":"https:\/\/api.w.org\/{rel}","templated":true}]}}