{"id":4820,"date":"2019-01-29T16:21:08","date_gmt":"2019-01-29T15:21:08","guid":{"rendered":"https:\/\/www.festivalchairs.com\/actueel\/"},"modified":"2020-01-14T17:50:42","modified_gmt":"2020-01-14T16:50:42","slug":"actueel","status":"publish","type":"page","link":"https:\/\/festivalchairs.com\/de\/actueel\/","title":{"rendered":"Aktuelle Detailseite"},"content":{"rendered":"<p>Viele Firmen sch\u00e4tzen die FestivalChairs aus FSC-zertifizierter Pappe und verwenden sie f\u00fcr ein originelles Branding ihrer Marke. Wir erhalten immer wieder Fotos und Videofilme von Kunden, die unsere Hocker bei Kongressen, Messen oder anderen Anl\u00e4ssen als Werbemittel nutzen. Au\u00dferdem ist der FestivalChair regelm\u00e4\u00dfig in den Medien anzutreffen, und das geht h\u00e4ufig mit netten Bildern einher! Sehen Sie sich die vielen Anwendungsm\u00f6glichkeiten f\u00fcr unsere nachhaltigen Papphocker an und lassen Sie sich inspirieren!<\/p>\n","protected":false},"excerpt":{"rendered":"<p>Viele Firmen sch\u00e4tzen die FestivalChairs aus FSC-zertifizierter Pappe und verwenden sie f\u00fcr ein originelles Branding ihrer Marke. Wir erhalten immer wieder Fotos und Videofilme von Kunden, die unsere Hocker bei Kongressen, Messen oder anderen Anl\u00e4ssen als Werbemittel nutzen. Au\u00dferdem ist der FestivalChair regelm\u00e4\u00dfig in den Medien anzutreffen, und das geht h\u00e4ufig mit netten Bildern einher! [&hellip;]<\/p>\n","protected":false},"author":1,"featured_media":0,"parent":0,"menu_order":98,"comment_status":"closed","ping_status":"closed","template":"page_actueel.php","meta":{"_acf_changed":false,"footnotes":""},"class_list":["post-4820","page","type-page","status-publish","hentry"],"acf":[],"yoast_head":"<!-- This site is optimized with the Yoast SEO plugin v27.5 - https:\/\/yoast.com\/product\/yoast-seo-wordpress\/ -->\n<title>Aktuelle Detailseite - FestivalChairs<\/title>\n<meta name=\"robots\" content=\"index, follow, max-snippet:-1, max-image-preview:large, max-video-preview:-1\" \/>\n<link rel=\"canonical\" href=\"https:\/\/festivalchairs.com\/de\/actueel\/\" \/>\n<meta property=\"og:locale\" content=\"de_DE\" \/>\n<meta property=\"og:type\" content=\"article\" \/>\n<meta property=\"og:title\" content=\"Aktuelle Detailseite - FestivalChairs\" \/>\n<meta property=\"og:description\" content=\"Viele Firmen sch\u00e4tzen die FestivalChairs aus FSC-zertifizierter Pappe und verwenden sie f\u00fcr ein originelles Branding ihrer Marke. Wir erhalten immer wieder Fotos und Videofilme von Kunden, die unsere Hocker bei Kongressen, Messen oder anderen Anl\u00e4ssen als Werbemittel nutzen. Au\u00dferdem ist der FestivalChair regelm\u00e4\u00dfig in den Medien anzutreffen, und das geht h\u00e4ufig mit netten Bildern einher! [&hellip;]\" \/>\n<meta property=\"og:url\" content=\"https:\/\/festivalchairs.com\/de\/actueel\/\" \/>\n<meta property=\"og:site_name\" content=\"FestivalChairs\" \/>\n<meta property=\"article:publisher\" content=\"https:\/\/www.facebook.com\/festivalchairs\/\" \/>\n<meta property=\"article:modified_time\" content=\"2020-01-14T16:50:42+00:00\" \/>\n<meta name=\"twitter:card\" content=\"summary_large_image\" \/>\n<meta name=\"twitter:site\" content=\"@festivalchairs\" \/>\n<script type=\"application\/ld+json\" class=\"yoast-schema-graph\">{\"@context\":\"https:\\\/\\\/schema.org\",\"@graph\":[{\"@type\":\"WebPage\",\"@id\":\"https:\\\/\\\/festivalchairs.com\\\/de\\\/actueel\\\/\",\"url\":\"https:\\\/\\\/festivalchairs.com\\\/de\\\/actueel\\\/\",\"name\":\"Aktuelle Detailseite - FestivalChairs\",\"isPartOf\":{\"@id\":\"https:\\\/\\\/www.festivalchairs.com\\\/de\\\/#website\"},\"datePublished\":\"2019-01-29T15:21:08+00:00\",\"dateModified\":\"2020-01-14T16:50:42+00:00\",\"breadcrumb\":{\"@id\":\"https:\\\/\\\/festivalchairs.com\\\/de\\\/actueel\\\/#breadcrumb\"},\"inLanguage\":\"de-DE\",\"potentialAction\":[{\"@type\":\"ReadAction\",\"target\":[\"https:\\\/\\\/festivalchairs.com\\\/de\\\/actueel\\\/\"]}]},{\"@type\":\"BreadcrumbList\",\"@id\":\"https:\\\/\\\/festivalchairs.com\\\/de\\\/actueel\\\/#breadcrumb\",\"itemListElement\":[{\"@type\":\"ListItem\",\"position\":1,\"name\":\"Home\",\"item\":\"https:\\\/\\\/www.festivalchairs.com\\\/de\\\/\"},{\"@type\":\"ListItem\",\"position\":2,\"name\":\"Aktuelle Detailseite\"}]},{\"@type\":\"WebSite\",\"@id\":\"https:\\\/\\\/www.festivalchairs.com\\\/de\\\/#website\",\"url\":\"https:\\\/\\\/www.festivalchairs.com\\\/de\\\/\",\"name\":\"FestivalChairs\",\"description\":\"Het krukje dat iedereen ziet zitten!\",\"publisher\":{\"@id\":\"https:\\\/\\\/www.festivalchairs.com\\\/de\\\/#organization\"},\"potentialAction\":[{\"@type\":\"SearchAction\",\"target\":{\"@type\":\"EntryPoint\",\"urlTemplate\":\"https:\\\/\\\/www.festivalchairs.com\\\/de\\\/?s={search_term_string}\"},\"query-input\":{\"@type\":\"PropertyValueSpecification\",\"valueRequired\":true,\"valueName\":\"search_term_string\"}}],\"inLanguage\":\"de-DE\"},{\"@type\":\"Organization\",\"@id\":\"https:\\\/\\\/www.festivalchairs.com\\\/de\\\/#organization\",\"name\":\"FestivalChairs\",\"url\":\"https:\\\/\\\/www.festivalchairs.com\\\/de\\\/\",\"logo\":{\"@type\":\"ImageObject\",\"inLanguage\":\"de-DE\",\"@id\":\"https:\\\/\\\/www.festivalchairs.com\\\/de\\\/#\\\/schema\\\/logo\\\/image\\\/\",\"url\":\"https:\\\/\\\/www.festivalchairs.com\\\/app\\\/uploads\\\/2020\\\/01\\\/logo-en-light-hd.png\",\"contentUrl\":\"https:\\\/\\\/www.festivalchairs.com\\\/app\\\/uploads\\\/2020\\\/01\\\/logo-en-light-hd.png\",\"width\":458,\"height\":64,\"caption\":\"FestivalChairs\"},\"image\":{\"@id\":\"https:\\\/\\\/www.festivalchairs.com\\\/de\\\/#\\\/schema\\\/logo\\\/image\\\/\"},\"sameAs\":[\"https:\\\/\\\/www.facebook.com\\\/festivalchairs\\\/\",\"https:\\\/\\\/x.com\\\/festivalchairs\",\"https:\\\/\\\/www.youtube.com\\\/user\\\/FestivalChairs\"]}]}<\/script>\n<!-- \/ Yoast SEO plugin. -->","yoast_head_json":{"title":"Aktuelle Detailseite - FestivalChairs","robots":{"index":"index","follow":"follow","max-snippet":"max-snippet:-1","max-image-preview":"max-image-preview:large","max-video-preview":"max-video-preview:-1"},"canonical":"https:\/\/festivalchairs.com\/de\/actueel\/","og_locale":"de_DE","og_type":"article","og_title":"Aktuelle Detailseite - FestivalChairs","og_description":"Viele Firmen sch\u00e4tzen die FestivalChairs aus FSC-zertifizierter Pappe und verwenden sie f\u00fcr ein originelles Branding ihrer Marke. Wir erhalten immer wieder Fotos und Videofilme von Kunden, die unsere Hocker bei Kongressen, Messen oder anderen Anl\u00e4ssen als Werbemittel nutzen. Au\u00dferdem ist der FestivalChair regelm\u00e4\u00dfig in den Medien anzutreffen, und das geht h\u00e4ufig mit netten Bildern einher! [&hellip;]","og_url":"https:\/\/festivalchairs.com\/de\/actueel\/","og_site_name":"FestivalChairs","article_publisher":"https:\/\/www.facebook.com\/festivalchairs\/","article_modified_time":"2020-01-14T16:50:42+00:00","twitter_card":"summary_large_image","twitter_site":"@festivalchairs","schema":{"@context":"https:\/\/schema.org","@graph":[{"@type":"WebPage","@id":"https:\/\/festivalchairs.com\/de\/actueel\/","url":"https:\/\/festivalchairs.com\/de\/actueel\/","name":"Aktuelle Detailseite - FestivalChairs","isPartOf":{"@id":"https:\/\/www.festivalchairs.com\/de\/#website"},"datePublished":"2019-01-29T15:21:08+00:00","dateModified":"2020-01-14T16:50:42+00:00","breadcrumb":{"@id":"https:\/\/festivalchairs.com\/de\/actueel\/#breadcrumb"},"inLanguage":"de-DE","potentialAction":[{"@type":"ReadAction","target":["https:\/\/festivalchairs.com\/de\/actueel\/"]}]},{"@type":"BreadcrumbList","@id":"https:\/\/festivalchairs.com\/de\/actueel\/#breadcrumb","itemListElement":[{"@type":"ListItem","position":1,"name":"Home","item":"https:\/\/www.festivalchairs.com\/de\/"},{"@type":"ListItem","position":2,"name":"Aktuelle Detailseite"}]},{"@type":"WebSite","@id":"https:\/\/www.festivalchairs.com\/de\/#website","url":"https:\/\/www.festivalchairs.com\/de\/","name":"FestivalChairs","description":"Het krukje dat iedereen ziet zitten!","publisher":{"@id":"https:\/\/www.festivalchairs.com\/de\/#organization"},"potentialAction":[{"@type":"SearchAction","target":{"@type":"EntryPoint","urlTemplate":"https:\/\/www.festivalchairs.com\/de\/?s={search_term_string}"},"query-input":{"@type":"PropertyValueSpecification","valueRequired":true,"valueName":"search_term_string"}}],"inLanguage":"de-DE"},{"@type":"Organization","@id":"https:\/\/www.festivalchairs.com\/de\/#organization","name":"FestivalChairs","url":"https:\/\/www.festivalchairs.com\/de\/","logo":{"@type":"ImageObject","inLanguage":"de-DE","@id":"https:\/\/www.festivalchairs.com\/de\/#\/schema\/logo\/image\/","url":"https:\/\/www.festivalchairs.com\/app\/uploads\/2020\/01\/logo-en-light-hd.png","contentUrl":"https:\/\/www.festivalchairs.com\/app\/uploads\/2020\/01\/logo-en-light-hd.png","width":458,"height":64,"caption":"FestivalChairs"},"image":{"@id":"https:\/\/www.festivalchairs.com\/de\/#\/schema\/logo\/image\/"},"sameAs":["https:\/\/www.facebook.com\/festivalchairs\/","https:\/\/x.com\/festivalchairs","https:\/\/www.youtube.com\/user\/FestivalChairs"]}]}},"_links":{"self":[{"href":"https:\/\/festivalchairs.com\/de\/wp-json\/wp\/v2\/pages\/4820","targetHints":{"allow":["GET"]}}],"collection":[{"href":"https:\/\/festivalchairs.com\/de\/wp-json\/wp\/v2\/pages"}],"about":[{"href":"https:\/\/festivalchairs.com\/de\/wp-json\/wp\/v2\/types\/page"}],"author":[{"embeddable":true,"href":"https:\/\/festivalchairs.com\/de\/wp-json\/wp\/v2\/users\/1"}],"replies":[{"embeddable":true,"href":"https:\/\/festivalchairs.com\/de\/wp-json\/wp\/v2\/comments?post=4820"}],"version-history":[{"count":1,"href":"https:\/\/festivalchairs.com\/de\/wp-json\/wp\/v2\/pages\/4820\/revisions"}],"predecessor-version":[{"id":5108,"href":"https:\/\/festivalchairs.com\/de\/wp-json\/wp\/v2\/pages\/4820\/revisions\/5108"}],"wp:attachment":[{"href":"https:\/\/festivalchairs.com\/de\/wp-json\/wp\/v2\/media?parent=4820"}],"curies":[{"name":"wp","href":"https:\/\/api.w.org\/{rel}","templated":true}]}}