{"id":3682,"date":"2019-03-14T10:13:49","date_gmt":"2019-03-14T09:13:49","guid":{"rendered":"https:\/\/www.festivalchairs.com\/page-not-found\/"},"modified":"2019-12-03T11:22:51","modified_gmt":"2019-12-03T10:22:51","slug":"page-not-found","status":"publish","type":"page","link":"https:\/\/festivalchairs.com\/da\/page-not-found\/","title":{"rendered":"Siden blev ikke fundet"},"content":{"rendered":"<p>Beklager, den side, du pr\u00f8vede at bes\u00f8ge, findes ikke (l\u00e6ngere).<\/p>\n","protected":false},"excerpt":{"rendered":"<p>Beklager, den side, du pr\u00f8vede at bes\u00f8ge, findes ikke (l\u00e6ngere).<\/p>\n","protected":false},"author":1,"featured_media":0,"parent":0,"menu_order":120,"comment_status":"closed","ping_status":"closed","template":"","meta":{"_acf_changed":false,"footnotes":""},"class_list":["post-3682","page","type-page","status-publish","hentry"],"acf":[],"yoast_head":"<!-- This site is optimized with the Yoast SEO plugin v27.5 - https:\/\/yoast.com\/product\/yoast-seo-wordpress\/ -->\n<title>Siden blev ikke fundet - FestivalChairs<\/title>\n<meta name=\"robots\" content=\"index, follow, max-snippet:-1, max-image-preview:large, max-video-preview:-1\" \/>\n<link rel=\"canonical\" href=\"https:\/\/festivalchairs.com\/da\/page-not-found\/\" \/>\n<meta property=\"og:locale\" content=\"da_DK\" \/>\n<meta property=\"og:type\" content=\"article\" \/>\n<meta property=\"og:title\" content=\"Siden blev ikke fundet - FestivalChairs\" \/>\n<meta property=\"og:description\" content=\"Beklager, den side, du pr\u00f8vede at bes\u00f8ge, findes ikke (l\u00e6ngere).\" \/>\n<meta property=\"og:url\" content=\"https:\/\/festivalchairs.com\/da\/page-not-found\/\" \/>\n<meta property=\"og:site_name\" content=\"FestivalChairs\" \/>\n<meta property=\"article:publisher\" content=\"https:\/\/www.facebook.com\/festivalchairs\/\" \/>\n<meta property=\"article:modified_time\" content=\"2019-12-03T10:22:51+00:00\" \/>\n<meta name=\"twitter:card\" content=\"summary_large_image\" \/>\n<meta name=\"twitter:site\" content=\"@festivalchairs\" \/>\n<script type=\"application\/ld+json\" class=\"yoast-schema-graph\">{\"@context\":\"https:\\\/\\\/schema.org\",\"@graph\":[{\"@type\":\"WebPage\",\"@id\":\"https:\\\/\\\/festivalchairs.com\\\/da\\\/page-not-found\\\/\",\"url\":\"https:\\\/\\\/festivalchairs.com\\\/da\\\/page-not-found\\\/\",\"name\":\"Siden blev ikke fundet - FestivalChairs\",\"isPartOf\":{\"@id\":\"https:\\\/\\\/www.festivalchairs.com\\\/da\\\/#website\"},\"datePublished\":\"2019-03-14T09:13:49+00:00\",\"dateModified\":\"2019-12-03T10:22:51+00:00\",\"breadcrumb\":{\"@id\":\"https:\\\/\\\/festivalchairs.com\\\/da\\\/page-not-found\\\/#breadcrumb\"},\"inLanguage\":\"da-DK\",\"potentialAction\":[{\"@type\":\"ReadAction\",\"target\":[\"https:\\\/\\\/festivalchairs.com\\\/da\\\/page-not-found\\\/\"]}]},{\"@type\":\"BreadcrumbList\",\"@id\":\"https:\\\/\\\/festivalchairs.com\\\/da\\\/page-not-found\\\/#breadcrumb\",\"itemListElement\":[{\"@type\":\"ListItem\",\"position\":1,\"name\":\"Home\",\"item\":\"https:\\\/\\\/festivalchairs.com\\\/da\\\/\"},{\"@type\":\"ListItem\",\"position\":2,\"name\":\"Siden blev ikke fundet\"}]},{\"@type\":\"WebSite\",\"@id\":\"https:\\\/\\\/www.festivalchairs.com\\\/da\\\/#website\",\"url\":\"https:\\\/\\\/www.festivalchairs.com\\\/da\\\/\",\"name\":\"FestivalChairs\",\"description\":\"Het krukje dat iedereen ziet zitten!\",\"publisher\":{\"@id\":\"https:\\\/\\\/www.festivalchairs.com\\\/da\\\/#organization\"},\"potentialAction\":[{\"@type\":\"SearchAction\",\"target\":{\"@type\":\"EntryPoint\",\"urlTemplate\":\"https:\\\/\\\/www.festivalchairs.com\\\/da\\\/?s={search_term_string}\"},\"query-input\":{\"@type\":\"PropertyValueSpecification\",\"valueRequired\":true,\"valueName\":\"search_term_string\"}}],\"inLanguage\":\"da-DK\"},{\"@type\":\"Organization\",\"@id\":\"https:\\\/\\\/www.festivalchairs.com\\\/da\\\/#organization\",\"name\":\"FestivalChairs\",\"url\":\"https:\\\/\\\/www.festivalchairs.com\\\/da\\\/\",\"logo\":{\"@type\":\"ImageObject\",\"inLanguage\":\"da-DK\",\"@id\":\"https:\\\/\\\/www.festivalchairs.com\\\/da\\\/#\\\/schema\\\/logo\\\/image\\\/\",\"url\":\"https:\\\/\\\/www.festivalchairs.com\\\/app\\\/uploads\\\/2020\\\/01\\\/logo-en-light-hd.png\",\"contentUrl\":\"https:\\\/\\\/www.festivalchairs.com\\\/app\\\/uploads\\\/2020\\\/01\\\/logo-en-light-hd.png\",\"width\":458,\"height\":64,\"caption\":\"FestivalChairs\"},\"image\":{\"@id\":\"https:\\\/\\\/www.festivalchairs.com\\\/da\\\/#\\\/schema\\\/logo\\\/image\\\/\"},\"sameAs\":[\"https:\\\/\\\/www.facebook.com\\\/festivalchairs\\\/\",\"https:\\\/\\\/x.com\\\/festivalchairs\",\"https:\\\/\\\/www.youtube.com\\\/user\\\/FestivalChairs\"]}]}<\/script>\n<!-- \/ Yoast SEO plugin. -->","yoast_head_json":{"title":"Siden blev ikke fundet - FestivalChairs","robots":{"index":"index","follow":"follow","max-snippet":"max-snippet:-1","max-image-preview":"max-image-preview:large","max-video-preview":"max-video-preview:-1"},"canonical":"https:\/\/festivalchairs.com\/da\/page-not-found\/","og_locale":"da_DK","og_type":"article","og_title":"Siden blev ikke fundet - FestivalChairs","og_description":"Beklager, den side, du pr\u00f8vede at bes\u00f8ge, findes ikke (l\u00e6ngere).","og_url":"https:\/\/festivalchairs.com\/da\/page-not-found\/","og_site_name":"FestivalChairs","article_publisher":"https:\/\/www.facebook.com\/festivalchairs\/","article_modified_time":"2019-12-03T10:22:51+00:00","twitter_card":"summary_large_image","twitter_site":"@festivalchairs","schema":{"@context":"https:\/\/schema.org","@graph":[{"@type":"WebPage","@id":"https:\/\/festivalchairs.com\/da\/page-not-found\/","url":"https:\/\/festivalchairs.com\/da\/page-not-found\/","name":"Siden blev ikke fundet - FestivalChairs","isPartOf":{"@id":"https:\/\/www.festivalchairs.com\/da\/#website"},"datePublished":"2019-03-14T09:13:49+00:00","dateModified":"2019-12-03T10:22:51+00:00","breadcrumb":{"@id":"https:\/\/festivalchairs.com\/da\/page-not-found\/#breadcrumb"},"inLanguage":"da-DK","potentialAction":[{"@type":"ReadAction","target":["https:\/\/festivalchairs.com\/da\/page-not-found\/"]}]},{"@type":"BreadcrumbList","@id":"https:\/\/festivalchairs.com\/da\/page-not-found\/#breadcrumb","itemListElement":[{"@type":"ListItem","position":1,"name":"Home","item":"https:\/\/festivalchairs.com\/da\/"},{"@type":"ListItem","position":2,"name":"Siden blev ikke fundet"}]},{"@type":"WebSite","@id":"https:\/\/www.festivalchairs.com\/da\/#website","url":"https:\/\/www.festivalchairs.com\/da\/","name":"FestivalChairs","description":"Het krukje dat iedereen ziet zitten!","publisher":{"@id":"https:\/\/www.festivalchairs.com\/da\/#organization"},"potentialAction":[{"@type":"SearchAction","target":{"@type":"EntryPoint","urlTemplate":"https:\/\/www.festivalchairs.com\/da\/?s={search_term_string}"},"query-input":{"@type":"PropertyValueSpecification","valueRequired":true,"valueName":"search_term_string"}}],"inLanguage":"da-DK"},{"@type":"Organization","@id":"https:\/\/www.festivalchairs.com\/da\/#organization","name":"FestivalChairs","url":"https:\/\/www.festivalchairs.com\/da\/","logo":{"@type":"ImageObject","inLanguage":"da-DK","@id":"https:\/\/www.festivalchairs.com\/da\/#\/schema\/logo\/image\/","url":"https:\/\/www.festivalchairs.com\/app\/uploads\/2020\/01\/logo-en-light-hd.png","contentUrl":"https:\/\/www.festivalchairs.com\/app\/uploads\/2020\/01\/logo-en-light-hd.png","width":458,"height":64,"caption":"FestivalChairs"},"image":{"@id":"https:\/\/www.festivalchairs.com\/da\/#\/schema\/logo\/image\/"},"sameAs":["https:\/\/www.facebook.com\/festivalchairs\/","https:\/\/x.com\/festivalchairs","https:\/\/www.youtube.com\/user\/FestivalChairs"]}]}},"_links":{"self":[{"href":"https:\/\/festivalchairs.com\/da\/wp-json\/wp\/v2\/pages\/3682","targetHints":{"allow":["GET"]}}],"collection":[{"href":"https:\/\/festivalchairs.com\/da\/wp-json\/wp\/v2\/pages"}],"about":[{"href":"https:\/\/festivalchairs.com\/da\/wp-json\/wp\/v2\/types\/page"}],"author":[{"embeddable":true,"href":"https:\/\/festivalchairs.com\/da\/wp-json\/wp\/v2\/users\/1"}],"replies":[{"embeddable":true,"href":"https:\/\/festivalchairs.com\/da\/wp-json\/wp\/v2\/comments?post=3682"}],"version-history":[{"count":0,"href":"https:\/\/festivalchairs.com\/da\/wp-json\/wp\/v2\/pages\/3682\/revisions"}],"wp:attachment":[{"href":"https:\/\/festivalchairs.com\/da\/wp-json\/wp\/v2\/media?parent=3682"}],"curies":[{"name":"wp","href":"https:\/\/api.w.org\/{rel}","templated":true}]}}