{"id":2693,"date":"2019-01-29T16:21:08","date_gmt":"2019-01-29T15:21:08","guid":{"rendered":"https:\/\/www.festivalchairs.com\/actueel\/"},"modified":"2020-01-27T15:31:31","modified_gmt":"2020-01-27T14:31:31","slug":"aktuelt","status":"publish","type":"page","link":"https:\/\/festivalchairs.com\/da\/aktuelt\/","title":{"rendered":"Aktuelt"},"content":{"rendered":"<p>Mange virksomheder synes at FestivalChair skamler fremstillet af FSC pap er en original, kreativ og b\u00e6redygtig m\u00e5de at brande deres m\u00e6rke p\u00e5. Vi modtager regelm\u00e6ssigt billeder og videoer fra organisationer, der har brugt vores papskammel som et salgsfremmende middel til events, kongresser, festivaller eller andre lejligheder. Derudover vises FestivalChair regelm\u00e6ssigt i medierne, og det producerer flotte billeder! Se de mange tilpasningsmuligheder af vores genanvendelig papskammel og f\u00e5 inspiration!<\/p>\n","protected":false},"excerpt":{"rendered":"<p>Mange virksomheder synes at FestivalChair skamler fremstillet af FSC pap er en original, kreativ og b\u00e6redygtig m\u00e5de at brande deres m\u00e6rke p\u00e5. Vi modtager regelm\u00e6ssigt billeder og videoer fra organisationer, der har brugt vores papskammel som et salgsfremmende middel til events, kongresser, festivaller eller andre lejligheder. Derudover vises FestivalChair regelm\u00e6ssigt i medierne, og det producerer [&hellip;]<\/p>\n","protected":false},"author":1,"featured_media":0,"parent":0,"menu_order":99,"comment_status":"closed","ping_status":"closed","template":"page_actueel.php","meta":{"_acf_changed":false,"footnotes":""},"class_list":["post-2693","page","type-page","status-publish","hentry"],"acf":[],"yoast_head":"<!-- This site is optimized with the Yoast SEO plugin v27.5 - https:\/\/yoast.com\/product\/yoast-seo-wordpress\/ -->\n<title>Aktuelt - FestivalChairs<\/title>\n<meta name=\"robots\" content=\"index, follow, max-snippet:-1, max-image-preview:large, max-video-preview:-1\" \/>\n<link rel=\"canonical\" href=\"https:\/\/festivalchairs.com\/da\/aktuelt\/\" \/>\n<meta property=\"og:locale\" content=\"da_DK\" \/>\n<meta property=\"og:type\" content=\"article\" \/>\n<meta property=\"og:title\" content=\"Aktuelt - FestivalChairs\" \/>\n<meta property=\"og:description\" content=\"Mange virksomheder synes at FestivalChair skamler fremstillet af FSC pap er en original, kreativ og b\u00e6redygtig m\u00e5de at brande deres m\u00e6rke p\u00e5. Vi modtager regelm\u00e6ssigt billeder og videoer fra organisationer, der har brugt vores papskammel som et salgsfremmende middel til events, kongresser, festivaller eller andre lejligheder. Derudover vises FestivalChair regelm\u00e6ssigt i medierne, og det producerer [&hellip;]\" \/>\n<meta property=\"og:url\" content=\"https:\/\/festivalchairs.com\/da\/aktuelt\/\" \/>\n<meta property=\"og:site_name\" content=\"FestivalChairs\" \/>\n<meta property=\"article:publisher\" content=\"https:\/\/www.facebook.com\/festivalchairs\/\" \/>\n<meta property=\"article:modified_time\" content=\"2020-01-27T14:31:31+00:00\" \/>\n<meta name=\"twitter:card\" content=\"summary_large_image\" \/>\n<meta name=\"twitter:site\" content=\"@festivalchairs\" \/>\n<script type=\"application\/ld+json\" class=\"yoast-schema-graph\">{\"@context\":\"https:\\\/\\\/schema.org\",\"@graph\":[{\"@type\":\"WebPage\",\"@id\":\"https:\\\/\\\/festivalchairs.com\\\/da\\\/aktuelt\\\/\",\"url\":\"https:\\\/\\\/festivalchairs.com\\\/da\\\/aktuelt\\\/\",\"name\":\"Aktuelt - FestivalChairs\",\"isPartOf\":{\"@id\":\"https:\\\/\\\/www.festivalchairs.com\\\/da\\\/#website\"},\"datePublished\":\"2019-01-29T15:21:08+00:00\",\"dateModified\":\"2020-01-27T14:31:31+00:00\",\"breadcrumb\":{\"@id\":\"https:\\\/\\\/festivalchairs.com\\\/da\\\/aktuelt\\\/#breadcrumb\"},\"inLanguage\":\"da-DK\",\"potentialAction\":[{\"@type\":\"ReadAction\",\"target\":[\"https:\\\/\\\/festivalchairs.com\\\/da\\\/aktuelt\\\/\"]}]},{\"@type\":\"BreadcrumbList\",\"@id\":\"https:\\\/\\\/festivalchairs.com\\\/da\\\/aktuelt\\\/#breadcrumb\",\"itemListElement\":[{\"@type\":\"ListItem\",\"position\":1,\"name\":\"Home\",\"item\":\"https:\\\/\\\/www.festivalchairs.com\\\/da\\\/\"},{\"@type\":\"ListItem\",\"position\":2,\"name\":\"Aktuelt\"}]},{\"@type\":\"WebSite\",\"@id\":\"https:\\\/\\\/www.festivalchairs.com\\\/da\\\/#website\",\"url\":\"https:\\\/\\\/www.festivalchairs.com\\\/da\\\/\",\"name\":\"FestivalChairs\",\"description\":\"Het krukje dat iedereen ziet zitten!\",\"publisher\":{\"@id\":\"https:\\\/\\\/www.festivalchairs.com\\\/da\\\/#organization\"},\"potentialAction\":[{\"@type\":\"SearchAction\",\"target\":{\"@type\":\"EntryPoint\",\"urlTemplate\":\"https:\\\/\\\/www.festivalchairs.com\\\/da\\\/?s={search_term_string}\"},\"query-input\":{\"@type\":\"PropertyValueSpecification\",\"valueRequired\":true,\"valueName\":\"search_term_string\"}}],\"inLanguage\":\"da-DK\"},{\"@type\":\"Organization\",\"@id\":\"https:\\\/\\\/www.festivalchairs.com\\\/da\\\/#organization\",\"name\":\"FestivalChairs\",\"url\":\"https:\\\/\\\/www.festivalchairs.com\\\/da\\\/\",\"logo\":{\"@type\":\"ImageObject\",\"inLanguage\":\"da-DK\",\"@id\":\"https:\\\/\\\/www.festivalchairs.com\\\/da\\\/#\\\/schema\\\/logo\\\/image\\\/\",\"url\":\"https:\\\/\\\/www.festivalchairs.com\\\/app\\\/uploads\\\/2020\\\/01\\\/logo-en-light-hd.png\",\"contentUrl\":\"https:\\\/\\\/www.festivalchairs.com\\\/app\\\/uploads\\\/2020\\\/01\\\/logo-en-light-hd.png\",\"width\":458,\"height\":64,\"caption\":\"FestivalChairs\"},\"image\":{\"@id\":\"https:\\\/\\\/www.festivalchairs.com\\\/da\\\/#\\\/schema\\\/logo\\\/image\\\/\"},\"sameAs\":[\"https:\\\/\\\/www.facebook.com\\\/festivalchairs\\\/\",\"https:\\\/\\\/x.com\\\/festivalchairs\",\"https:\\\/\\\/www.youtube.com\\\/user\\\/FestivalChairs\"]}]}<\/script>\n<!-- \/ Yoast SEO plugin. -->","yoast_head_json":{"title":"Aktuelt - FestivalChairs","robots":{"index":"index","follow":"follow","max-snippet":"max-snippet:-1","max-image-preview":"max-image-preview:large","max-video-preview":"max-video-preview:-1"},"canonical":"https:\/\/festivalchairs.com\/da\/aktuelt\/","og_locale":"da_DK","og_type":"article","og_title":"Aktuelt - FestivalChairs","og_description":"Mange virksomheder synes at FestivalChair skamler fremstillet af FSC pap er en original, kreativ og b\u00e6redygtig m\u00e5de at brande deres m\u00e6rke p\u00e5. Vi modtager regelm\u00e6ssigt billeder og videoer fra organisationer, der har brugt vores papskammel som et salgsfremmende middel til events, kongresser, festivaller eller andre lejligheder. Derudover vises FestivalChair regelm\u00e6ssigt i medierne, og det producerer [&hellip;]","og_url":"https:\/\/festivalchairs.com\/da\/aktuelt\/","og_site_name":"FestivalChairs","article_publisher":"https:\/\/www.facebook.com\/festivalchairs\/","article_modified_time":"2020-01-27T14:31:31+00:00","twitter_card":"summary_large_image","twitter_site":"@festivalchairs","schema":{"@context":"https:\/\/schema.org","@graph":[{"@type":"WebPage","@id":"https:\/\/festivalchairs.com\/da\/aktuelt\/","url":"https:\/\/festivalchairs.com\/da\/aktuelt\/","name":"Aktuelt - FestivalChairs","isPartOf":{"@id":"https:\/\/www.festivalchairs.com\/da\/#website"},"datePublished":"2019-01-29T15:21:08+00:00","dateModified":"2020-01-27T14:31:31+00:00","breadcrumb":{"@id":"https:\/\/festivalchairs.com\/da\/aktuelt\/#breadcrumb"},"inLanguage":"da-DK","potentialAction":[{"@type":"ReadAction","target":["https:\/\/festivalchairs.com\/da\/aktuelt\/"]}]},{"@type":"BreadcrumbList","@id":"https:\/\/festivalchairs.com\/da\/aktuelt\/#breadcrumb","itemListElement":[{"@type":"ListItem","position":1,"name":"Home","item":"https:\/\/www.festivalchairs.com\/da\/"},{"@type":"ListItem","position":2,"name":"Aktuelt"}]},{"@type":"WebSite","@id":"https:\/\/www.festivalchairs.com\/da\/#website","url":"https:\/\/www.festivalchairs.com\/da\/","name":"FestivalChairs","description":"Het krukje dat iedereen ziet zitten!","publisher":{"@id":"https:\/\/www.festivalchairs.com\/da\/#organization"},"potentialAction":[{"@type":"SearchAction","target":{"@type":"EntryPoint","urlTemplate":"https:\/\/www.festivalchairs.com\/da\/?s={search_term_string}"},"query-input":{"@type":"PropertyValueSpecification","valueRequired":true,"valueName":"search_term_string"}}],"inLanguage":"da-DK"},{"@type":"Organization","@id":"https:\/\/www.festivalchairs.com\/da\/#organization","name":"FestivalChairs","url":"https:\/\/www.festivalchairs.com\/da\/","logo":{"@type":"ImageObject","inLanguage":"da-DK","@id":"https:\/\/www.festivalchairs.com\/da\/#\/schema\/logo\/image\/","url":"https:\/\/www.festivalchairs.com\/app\/uploads\/2020\/01\/logo-en-light-hd.png","contentUrl":"https:\/\/www.festivalchairs.com\/app\/uploads\/2020\/01\/logo-en-light-hd.png","width":458,"height":64,"caption":"FestivalChairs"},"image":{"@id":"https:\/\/www.festivalchairs.com\/da\/#\/schema\/logo\/image\/"},"sameAs":["https:\/\/www.facebook.com\/festivalchairs\/","https:\/\/x.com\/festivalchairs","https:\/\/www.youtube.com\/user\/FestivalChairs"]}]}},"_links":{"self":[{"href":"https:\/\/festivalchairs.com\/da\/wp-json\/wp\/v2\/pages\/2693","targetHints":{"allow":["GET"]}}],"collection":[{"href":"https:\/\/festivalchairs.com\/da\/wp-json\/wp\/v2\/pages"}],"about":[{"href":"https:\/\/festivalchairs.com\/da\/wp-json\/wp\/v2\/types\/page"}],"author":[{"embeddable":true,"href":"https:\/\/festivalchairs.com\/da\/wp-json\/wp\/v2\/users\/1"}],"replies":[{"embeddable":true,"href":"https:\/\/festivalchairs.com\/da\/wp-json\/wp\/v2\/comments?post=2693"}],"version-history":[{"count":1,"href":"https:\/\/festivalchairs.com\/da\/wp-json\/wp\/v2\/pages\/2693\/revisions"}],"predecessor-version":[{"id":5438,"href":"https:\/\/festivalchairs.com\/da\/wp-json\/wp\/v2\/pages\/2693\/revisions\/5438"}],"wp:attachment":[{"href":"https:\/\/festivalchairs.com\/da\/wp-json\/wp\/v2\/media?parent=2693"}],"curies":[{"name":"wp","href":"https:\/\/api.w.org\/{rel}","templated":true}]}}