{"id":2687,"date":"2019-01-29T16:21:41","date_gmt":"2019-01-29T15:21:41","guid":{"rendered":"https:\/\/www.festivalchairs.com\/offerte-aanvragen\/"},"modified":"2020-01-27T15:29:50","modified_gmt":"2020-01-27T14:29:50","slug":"anmodning-om-tilbud","status":"publish","type":"page","link":"https:\/\/festivalchairs.com\/da\/anmodning-om-tilbud\/","title":{"rendered":"Anmodning om tilbud"},"content":{"rendered":"<p>Er du interesseret i at f\u00e5 papskamler trykt med et firmalogo til et event, kongres, festival eller anden lejlighed? \u00d8nsker du at modtage information over specialfremstillede FestivalChairs, og \u00f8nsker du at give papskamlerne en inspirerende tekst, et foto eller et andet cool design, der matcher den stil, du vil fremtr\u00e6de med? Kontakt os p\u00e5 +31-23-5251400 eller anmod om et tilbud via hjemmesiden. Vi r\u00e5dgiver dig gerne og unders\u00f8ger, hvilke muligheder brugen af papskamlerne vil give dit firma, m\u00e6rke eller produkt!<\/p>\n","protected":false},"excerpt":{"rendered":"<p>Er du interesseret i at f\u00e5 papskamler trykt med et firmalogo til et event, kongres, festival eller anden lejlighed? \u00d8nsker du at modtage information over specialfremstillede FestivalChairs, og \u00f8nsker du at give papskamlerne en inspirerende tekst, et foto eller et andet cool design, der matcher den stil, du vil fremtr\u00e6de med? Kontakt os p\u00e5 +31-23-5251400 [&hellip;]<\/p>\n","protected":false},"author":1,"featured_media":0,"parent":0,"menu_order":116,"comment_status":"closed","ping_status":"closed","template":"page_offerte.php","meta":{"_acf_changed":false,"footnotes":""},"class_list":["post-2687","page","type-page","status-publish","hentry"],"acf":[],"yoast_head":"<!-- This site is optimized with the Yoast SEO plugin v27.4 - https:\/\/yoast.com\/product\/yoast-seo-wordpress\/ -->\n<title>Anmodning om tilbud - FestivalChairs<\/title>\n<meta name=\"robots\" content=\"index, follow, max-snippet:-1, max-image-preview:large, max-video-preview:-1\" \/>\n<link rel=\"canonical\" href=\"https:\/\/festivalchairs.com\/da\/anmodning-om-tilbud\/\" \/>\n<meta property=\"og:locale\" content=\"da_DK\" \/>\n<meta property=\"og:type\" content=\"article\" \/>\n<meta property=\"og:title\" content=\"Anmodning om tilbud - FestivalChairs\" \/>\n<meta property=\"og:description\" content=\"Er du interesseret i at f\u00e5 papskamler trykt med et firmalogo til et event, kongres, festival eller anden lejlighed? \u00d8nsker du at modtage information over specialfremstillede FestivalChairs, og \u00f8nsker du at give papskamlerne en inspirerende tekst, et foto eller et andet cool design, der matcher den stil, du vil fremtr\u00e6de med? Kontakt os p\u00e5 +31-23-5251400 [&hellip;]\" \/>\n<meta property=\"og:url\" content=\"https:\/\/festivalchairs.com\/da\/anmodning-om-tilbud\/\" \/>\n<meta property=\"og:site_name\" content=\"FestivalChairs\" \/>\n<meta property=\"article:publisher\" content=\"https:\/\/www.facebook.com\/festivalchairs\/\" \/>\n<meta property=\"article:modified_time\" content=\"2020-01-27T14:29:50+00:00\" \/>\n<meta name=\"twitter:card\" content=\"summary_large_image\" \/>\n<meta name=\"twitter:site\" content=\"@festivalchairs\" \/>\n<script type=\"application\/ld+json\" class=\"yoast-schema-graph\">{\"@context\":\"https:\\\/\\\/schema.org\",\"@graph\":[{\"@type\":\"WebPage\",\"@id\":\"https:\\\/\\\/festivalchairs.com\\\/da\\\/anmodning-om-tilbud\\\/\",\"url\":\"https:\\\/\\\/festivalchairs.com\\\/da\\\/anmodning-om-tilbud\\\/\",\"name\":\"Anmodning om tilbud - FestivalChairs\",\"isPartOf\":{\"@id\":\"https:\\\/\\\/www.festivalchairs.com\\\/da\\\/#website\"},\"datePublished\":\"2019-01-29T15:21:41+00:00\",\"dateModified\":\"2020-01-27T14:29:50+00:00\",\"breadcrumb\":{\"@id\":\"https:\\\/\\\/festivalchairs.com\\\/da\\\/anmodning-om-tilbud\\\/#breadcrumb\"},\"inLanguage\":\"da-DK\",\"potentialAction\":[{\"@type\":\"ReadAction\",\"target\":[\"https:\\\/\\\/festivalchairs.com\\\/da\\\/anmodning-om-tilbud\\\/\"]}]},{\"@type\":\"BreadcrumbList\",\"@id\":\"https:\\\/\\\/festivalchairs.com\\\/da\\\/anmodning-om-tilbud\\\/#breadcrumb\",\"itemListElement\":[{\"@type\":\"ListItem\",\"position\":1,\"name\":\"Home\",\"item\":\"https:\\\/\\\/www.festivalchairs.com\\\/da\\\/\"},{\"@type\":\"ListItem\",\"position\":2,\"name\":\"Anmodning om tilbud\"}]},{\"@type\":\"WebSite\",\"@id\":\"https:\\\/\\\/www.festivalchairs.com\\\/da\\\/#website\",\"url\":\"https:\\\/\\\/www.festivalchairs.com\\\/da\\\/\",\"name\":\"FestivalChairs\",\"description\":\"Het krukje dat iedereen ziet zitten!\",\"publisher\":{\"@id\":\"https:\\\/\\\/www.festivalchairs.com\\\/da\\\/#organization\"},\"potentialAction\":[{\"@type\":\"SearchAction\",\"target\":{\"@type\":\"EntryPoint\",\"urlTemplate\":\"https:\\\/\\\/www.festivalchairs.com\\\/da\\\/?s={search_term_string}\"},\"query-input\":{\"@type\":\"PropertyValueSpecification\",\"valueRequired\":true,\"valueName\":\"search_term_string\"}}],\"inLanguage\":\"da-DK\"},{\"@type\":\"Organization\",\"@id\":\"https:\\\/\\\/www.festivalchairs.com\\\/da\\\/#organization\",\"name\":\"FestivalChairs\",\"url\":\"https:\\\/\\\/www.festivalchairs.com\\\/da\\\/\",\"logo\":{\"@type\":\"ImageObject\",\"inLanguage\":\"da-DK\",\"@id\":\"https:\\\/\\\/www.festivalchairs.com\\\/da\\\/#\\\/schema\\\/logo\\\/image\\\/\",\"url\":\"https:\\\/\\\/www.festivalchairs.com\\\/app\\\/uploads\\\/2020\\\/01\\\/logo-en-light-hd.png\",\"contentUrl\":\"https:\\\/\\\/www.festivalchairs.com\\\/app\\\/uploads\\\/2020\\\/01\\\/logo-en-light-hd.png\",\"width\":458,\"height\":64,\"caption\":\"FestivalChairs\"},\"image\":{\"@id\":\"https:\\\/\\\/www.festivalchairs.com\\\/da\\\/#\\\/schema\\\/logo\\\/image\\\/\"},\"sameAs\":[\"https:\\\/\\\/www.facebook.com\\\/festivalchairs\\\/\",\"https:\\\/\\\/x.com\\\/festivalchairs\",\"https:\\\/\\\/www.youtube.com\\\/user\\\/FestivalChairs\"]}]}<\/script>\n<!-- \/ Yoast SEO plugin. -->","yoast_head_json":{"title":"Anmodning om tilbud - FestivalChairs","robots":{"index":"index","follow":"follow","max-snippet":"max-snippet:-1","max-image-preview":"max-image-preview:large","max-video-preview":"max-video-preview:-1"},"canonical":"https:\/\/festivalchairs.com\/da\/anmodning-om-tilbud\/","og_locale":"da_DK","og_type":"article","og_title":"Anmodning om tilbud - FestivalChairs","og_description":"Er du interesseret i at f\u00e5 papskamler trykt med et firmalogo til et event, kongres, festival eller anden lejlighed? \u00d8nsker du at modtage information over specialfremstillede FestivalChairs, og \u00f8nsker du at give papskamlerne en inspirerende tekst, et foto eller et andet cool design, der matcher den stil, du vil fremtr\u00e6de med? Kontakt os p\u00e5 +31-23-5251400 [&hellip;]","og_url":"https:\/\/festivalchairs.com\/da\/anmodning-om-tilbud\/","og_site_name":"FestivalChairs","article_publisher":"https:\/\/www.facebook.com\/festivalchairs\/","article_modified_time":"2020-01-27T14:29:50+00:00","twitter_card":"summary_large_image","twitter_site":"@festivalchairs","schema":{"@context":"https:\/\/schema.org","@graph":[{"@type":"WebPage","@id":"https:\/\/festivalchairs.com\/da\/anmodning-om-tilbud\/","url":"https:\/\/festivalchairs.com\/da\/anmodning-om-tilbud\/","name":"Anmodning om tilbud - FestivalChairs","isPartOf":{"@id":"https:\/\/www.festivalchairs.com\/da\/#website"},"datePublished":"2019-01-29T15:21:41+00:00","dateModified":"2020-01-27T14:29:50+00:00","breadcrumb":{"@id":"https:\/\/festivalchairs.com\/da\/anmodning-om-tilbud\/#breadcrumb"},"inLanguage":"da-DK","potentialAction":[{"@type":"ReadAction","target":["https:\/\/festivalchairs.com\/da\/anmodning-om-tilbud\/"]}]},{"@type":"BreadcrumbList","@id":"https:\/\/festivalchairs.com\/da\/anmodning-om-tilbud\/#breadcrumb","itemListElement":[{"@type":"ListItem","position":1,"name":"Home","item":"https:\/\/www.festivalchairs.com\/da\/"},{"@type":"ListItem","position":2,"name":"Anmodning om tilbud"}]},{"@type":"WebSite","@id":"https:\/\/www.festivalchairs.com\/da\/#website","url":"https:\/\/www.festivalchairs.com\/da\/","name":"FestivalChairs","description":"Het krukje dat iedereen ziet zitten!","publisher":{"@id":"https:\/\/www.festivalchairs.com\/da\/#organization"},"potentialAction":[{"@type":"SearchAction","target":{"@type":"EntryPoint","urlTemplate":"https:\/\/www.festivalchairs.com\/da\/?s={search_term_string}"},"query-input":{"@type":"PropertyValueSpecification","valueRequired":true,"valueName":"search_term_string"}}],"inLanguage":"da-DK"},{"@type":"Organization","@id":"https:\/\/www.festivalchairs.com\/da\/#organization","name":"FestivalChairs","url":"https:\/\/www.festivalchairs.com\/da\/","logo":{"@type":"ImageObject","inLanguage":"da-DK","@id":"https:\/\/www.festivalchairs.com\/da\/#\/schema\/logo\/image\/","url":"https:\/\/www.festivalchairs.com\/app\/uploads\/2020\/01\/logo-en-light-hd.png","contentUrl":"https:\/\/www.festivalchairs.com\/app\/uploads\/2020\/01\/logo-en-light-hd.png","width":458,"height":64,"caption":"FestivalChairs"},"image":{"@id":"https:\/\/www.festivalchairs.com\/da\/#\/schema\/logo\/image\/"},"sameAs":["https:\/\/www.facebook.com\/festivalchairs\/","https:\/\/x.com\/festivalchairs","https:\/\/www.youtube.com\/user\/FestivalChairs"]}]}},"_links":{"self":[{"href":"https:\/\/festivalchairs.com\/da\/wp-json\/wp\/v2\/pages\/2687","targetHints":{"allow":["GET"]}}],"collection":[{"href":"https:\/\/festivalchairs.com\/da\/wp-json\/wp\/v2\/pages"}],"about":[{"href":"https:\/\/festivalchairs.com\/da\/wp-json\/wp\/v2\/types\/page"}],"author":[{"embeddable":true,"href":"https:\/\/festivalchairs.com\/da\/wp-json\/wp\/v2\/users\/1"}],"replies":[{"embeddable":true,"href":"https:\/\/festivalchairs.com\/da\/wp-json\/wp\/v2\/comments?post=2687"}],"version-history":[{"count":1,"href":"https:\/\/festivalchairs.com\/da\/wp-json\/wp\/v2\/pages\/2687\/revisions"}],"predecessor-version":[{"id":5437,"href":"https:\/\/festivalchairs.com\/da\/wp-json\/wp\/v2\/pages\/2687\/revisions\/5437"}],"wp:attachment":[{"href":"https:\/\/festivalchairs.com\/da\/wp-json\/wp\/v2\/media?parent=2687"}],"curies":[{"name":"wp","href":"https:\/\/api.w.org\/{rel}","templated":true}]}}