{"id":2626,"date":"2019-01-29T16:20:37","date_gmt":"2019-01-29T15:20:37","guid":{"rendered":"https:\/\/www.festivalchairs.com\/inspiratie\/"},"modified":"2019-09-03T12:45:09","modified_gmt":"2019-09-03T10:45:09","slug":"inspiratie","status":"publish","type":"page","link":"https:\/\/festivalchairs.com\/da\/inspiratie\/","title":{"rendered":"Inspiration"},"content":{"rendered":"<p>Du kan printe FestivalChair og bruge den som et salgsfremmende middel p\u00e5 forskellige m\u00e5der. Skamlen er selvf\u00f8lgelig velegnet for bes\u00f8gende at sidde p\u00e5, men t\u00e6nk ogs\u00e5 p\u00e5 andre m\u00e5der at bruge skamlen p\u00e5.<\/p>\n","protected":false},"excerpt":{"rendered":"<p>Du kan printe FestivalChair og bruge den som et salgsfremmende middel p\u00e5 forskellige m\u00e5der. Skamlen er selvf\u00f8lgelig velegnet for bes\u00f8gende at sidde p\u00e5, men t\u00e6nk ogs\u00e5 p\u00e5 andre m\u00e5der at bruge skamlen p\u00e5.<\/p>\n","protected":false},"author":1,"featured_media":0,"parent":0,"menu_order":70,"comment_status":"closed","ping_status":"closed","template":"page_inspiratie.php","meta":{"_acf_changed":false,"footnotes":""},"class_list":["post-2626","page","type-page","status-publish","hentry"],"acf":[],"yoast_head":"<!-- This site is optimized with the Yoast SEO plugin v27.4 - https:\/\/yoast.com\/product\/yoast-seo-wordpress\/ -->\n<title>Inspiration - FestivalChairs<\/title>\n<meta name=\"robots\" content=\"index, follow, max-snippet:-1, max-image-preview:large, max-video-preview:-1\" \/>\n<link rel=\"canonical\" href=\"https:\/\/festivalchairs.com\/da\/inspiratie\/\" \/>\n<meta property=\"og:locale\" content=\"da_DK\" \/>\n<meta property=\"og:type\" content=\"article\" \/>\n<meta property=\"og:title\" content=\"Inspiration - FestivalChairs\" \/>\n<meta property=\"og:description\" content=\"Du kan printe FestivalChair og bruge den som et salgsfremmende middel p\u00e5 forskellige m\u00e5der. Skamlen er selvf\u00f8lgelig velegnet for bes\u00f8gende at sidde p\u00e5, men t\u00e6nk ogs\u00e5 p\u00e5 andre m\u00e5der at bruge skamlen p\u00e5.\" \/>\n<meta property=\"og:url\" content=\"https:\/\/festivalchairs.com\/da\/inspiratie\/\" \/>\n<meta property=\"og:site_name\" content=\"FestivalChairs\" \/>\n<meta property=\"article:publisher\" content=\"https:\/\/www.facebook.com\/festivalchairs\/\" \/>\n<meta property=\"article:modified_time\" content=\"2019-09-03T10:45:09+00:00\" \/>\n<meta name=\"twitter:card\" content=\"summary_large_image\" \/>\n<meta name=\"twitter:site\" content=\"@festivalchairs\" \/>\n<script type=\"application\/ld+json\" class=\"yoast-schema-graph\">{\"@context\":\"https:\\\/\\\/schema.org\",\"@graph\":[{\"@type\":\"WebPage\",\"@id\":\"https:\\\/\\\/festivalchairs.com\\\/da\\\/inspiratie\\\/\",\"url\":\"https:\\\/\\\/festivalchairs.com\\\/da\\\/inspiratie\\\/\",\"name\":\"Inspiration - FestivalChairs\",\"isPartOf\":{\"@id\":\"https:\\\/\\\/www.festivalchairs.com\\\/da\\\/#website\"},\"datePublished\":\"2019-01-29T15:20:37+00:00\",\"dateModified\":\"2019-09-03T10:45:09+00:00\",\"breadcrumb\":{\"@id\":\"https:\\\/\\\/festivalchairs.com\\\/da\\\/inspiratie\\\/#breadcrumb\"},\"inLanguage\":\"da-DK\",\"potentialAction\":[{\"@type\":\"ReadAction\",\"target\":[\"https:\\\/\\\/festivalchairs.com\\\/da\\\/inspiratie\\\/\"]}]},{\"@type\":\"BreadcrumbList\",\"@id\":\"https:\\\/\\\/festivalchairs.com\\\/da\\\/inspiratie\\\/#breadcrumb\",\"itemListElement\":[{\"@type\":\"ListItem\",\"position\":1,\"name\":\"Home\",\"item\":\"https:\\\/\\\/www.festivalchairs.com\\\/da\\\/\"},{\"@type\":\"ListItem\",\"position\":2,\"name\":\"Inspiration\"}]},{\"@type\":\"WebSite\",\"@id\":\"https:\\\/\\\/www.festivalchairs.com\\\/da\\\/#website\",\"url\":\"https:\\\/\\\/www.festivalchairs.com\\\/da\\\/\",\"name\":\"FestivalChairs\",\"description\":\"Het krukje dat iedereen ziet zitten!\",\"publisher\":{\"@id\":\"https:\\\/\\\/www.festivalchairs.com\\\/da\\\/#organization\"},\"potentialAction\":[{\"@type\":\"SearchAction\",\"target\":{\"@type\":\"EntryPoint\",\"urlTemplate\":\"https:\\\/\\\/www.festivalchairs.com\\\/da\\\/?s={search_term_string}\"},\"query-input\":{\"@type\":\"PropertyValueSpecification\",\"valueRequired\":true,\"valueName\":\"search_term_string\"}}],\"inLanguage\":\"da-DK\"},{\"@type\":\"Organization\",\"@id\":\"https:\\\/\\\/www.festivalchairs.com\\\/da\\\/#organization\",\"name\":\"FestivalChairs\",\"url\":\"https:\\\/\\\/www.festivalchairs.com\\\/da\\\/\",\"logo\":{\"@type\":\"ImageObject\",\"inLanguage\":\"da-DK\",\"@id\":\"https:\\\/\\\/www.festivalchairs.com\\\/da\\\/#\\\/schema\\\/logo\\\/image\\\/\",\"url\":\"https:\\\/\\\/www.festivalchairs.com\\\/app\\\/uploads\\\/2020\\\/01\\\/logo-en-light-hd.png\",\"contentUrl\":\"https:\\\/\\\/www.festivalchairs.com\\\/app\\\/uploads\\\/2020\\\/01\\\/logo-en-light-hd.png\",\"width\":458,\"height\":64,\"caption\":\"FestivalChairs\"},\"image\":{\"@id\":\"https:\\\/\\\/www.festivalchairs.com\\\/da\\\/#\\\/schema\\\/logo\\\/image\\\/\"},\"sameAs\":[\"https:\\\/\\\/www.facebook.com\\\/festivalchairs\\\/\",\"https:\\\/\\\/x.com\\\/festivalchairs\",\"https:\\\/\\\/www.youtube.com\\\/user\\\/FestivalChairs\"]}]}<\/script>\n<!-- \/ Yoast SEO plugin. -->","yoast_head_json":{"title":"Inspiration - FestivalChairs","robots":{"index":"index","follow":"follow","max-snippet":"max-snippet:-1","max-image-preview":"max-image-preview:large","max-video-preview":"max-video-preview:-1"},"canonical":"https:\/\/festivalchairs.com\/da\/inspiratie\/","og_locale":"da_DK","og_type":"article","og_title":"Inspiration - FestivalChairs","og_description":"Du kan printe FestivalChair og bruge den som et salgsfremmende middel p\u00e5 forskellige m\u00e5der. Skamlen er selvf\u00f8lgelig velegnet for bes\u00f8gende at sidde p\u00e5, men t\u00e6nk ogs\u00e5 p\u00e5 andre m\u00e5der at bruge skamlen p\u00e5.","og_url":"https:\/\/festivalchairs.com\/da\/inspiratie\/","og_site_name":"FestivalChairs","article_publisher":"https:\/\/www.facebook.com\/festivalchairs\/","article_modified_time":"2019-09-03T10:45:09+00:00","twitter_card":"summary_large_image","twitter_site":"@festivalchairs","schema":{"@context":"https:\/\/schema.org","@graph":[{"@type":"WebPage","@id":"https:\/\/festivalchairs.com\/da\/inspiratie\/","url":"https:\/\/festivalchairs.com\/da\/inspiratie\/","name":"Inspiration - FestivalChairs","isPartOf":{"@id":"https:\/\/www.festivalchairs.com\/da\/#website"},"datePublished":"2019-01-29T15:20:37+00:00","dateModified":"2019-09-03T10:45:09+00:00","breadcrumb":{"@id":"https:\/\/festivalchairs.com\/da\/inspiratie\/#breadcrumb"},"inLanguage":"da-DK","potentialAction":[{"@type":"ReadAction","target":["https:\/\/festivalchairs.com\/da\/inspiratie\/"]}]},{"@type":"BreadcrumbList","@id":"https:\/\/festivalchairs.com\/da\/inspiratie\/#breadcrumb","itemListElement":[{"@type":"ListItem","position":1,"name":"Home","item":"https:\/\/www.festivalchairs.com\/da\/"},{"@type":"ListItem","position":2,"name":"Inspiration"}]},{"@type":"WebSite","@id":"https:\/\/www.festivalchairs.com\/da\/#website","url":"https:\/\/www.festivalchairs.com\/da\/","name":"FestivalChairs","description":"Het krukje dat iedereen ziet zitten!","publisher":{"@id":"https:\/\/www.festivalchairs.com\/da\/#organization"},"potentialAction":[{"@type":"SearchAction","target":{"@type":"EntryPoint","urlTemplate":"https:\/\/www.festivalchairs.com\/da\/?s={search_term_string}"},"query-input":{"@type":"PropertyValueSpecification","valueRequired":true,"valueName":"search_term_string"}}],"inLanguage":"da-DK"},{"@type":"Organization","@id":"https:\/\/www.festivalchairs.com\/da\/#organization","name":"FestivalChairs","url":"https:\/\/www.festivalchairs.com\/da\/","logo":{"@type":"ImageObject","inLanguage":"da-DK","@id":"https:\/\/www.festivalchairs.com\/da\/#\/schema\/logo\/image\/","url":"https:\/\/www.festivalchairs.com\/app\/uploads\/2020\/01\/logo-en-light-hd.png","contentUrl":"https:\/\/www.festivalchairs.com\/app\/uploads\/2020\/01\/logo-en-light-hd.png","width":458,"height":64,"caption":"FestivalChairs"},"image":{"@id":"https:\/\/www.festivalchairs.com\/da\/#\/schema\/logo\/image\/"},"sameAs":["https:\/\/www.facebook.com\/festivalchairs\/","https:\/\/x.com\/festivalchairs","https:\/\/www.youtube.com\/user\/FestivalChairs"]}]}},"_links":{"self":[{"href":"https:\/\/festivalchairs.com\/da\/wp-json\/wp\/v2\/pages\/2626","targetHints":{"allow":["GET"]}}],"collection":[{"href":"https:\/\/festivalchairs.com\/da\/wp-json\/wp\/v2\/pages"}],"about":[{"href":"https:\/\/festivalchairs.com\/da\/wp-json\/wp\/v2\/types\/page"}],"author":[{"embeddable":true,"href":"https:\/\/festivalchairs.com\/da\/wp-json\/wp\/v2\/users\/1"}],"replies":[{"embeddable":true,"href":"https:\/\/festivalchairs.com\/da\/wp-json\/wp\/v2\/comments?post=2626"}],"version-history":[{"count":0,"href":"https:\/\/festivalchairs.com\/da\/wp-json\/wp\/v2\/pages\/2626\/revisions"}],"wp:attachment":[{"href":"https:\/\/festivalchairs.com\/da\/wp-json\/wp\/v2\/media?parent=2626"}],"curies":[{"name":"wp","href":"https:\/\/api.w.org\/{rel}","templated":true}]}}